{"id":8127,"date":"2021-06-29T16:17:51","date_gmt":"2021-06-29T08:17:51","guid":{"rendered":"https:\/\/hongtronics.com\/?post_type=product&#038;p=8127"},"modified":"2021-06-29T16:17:52","modified_gmt":"2021-06-29T08:17:52","slug":"tachyon-16k-camera","status":"publish","type":"product","link":"https:\/\/hongtronics.com\/en\/product\/tachyon-16k-camera\/","title":{"rendered":"TACHYON 16K Camera"},"content":{"rendered":"<h2>I. Overview<\/h2>\n<p><span>TACHYON 16K Camera &amp; TACHYON 16K Camera Upgrade.<\/span>128 x 128 pixel high speed uncooled infrared camera with a frame rate of up to 4000 frames per second maximizes the value added to your equipment, saves costs and ensures full Industry 4.0 integration.<\/p>\n<p>&nbsp;<\/p>\n<p>&nbsp;<\/p>\n<h2>Product Features<\/h2>\n<ul>\n<li>Uncooled MWIR 128\u00d7128 pixel infrared camera with high frame rate (up to 4,000 fps)<\/li>\n<li>Maximum added value and affordability to ensure full integration into INDUSTRY 4.0 applications<\/li>\n<li><span>Configurable ROI window<\/span><span>(allows faster frame rate)<\/span><\/li>\n<li>Multiple industrial applications: machine vision, AM\/laser process monitoring, gas detection, QA<\/li>\n<\/ul>\n<p>&nbsp;<\/p>\n<p>&nbsp;<\/p>\n<h2>Three,<strong><span>Common Specification<\/span><\/strong><\/h2>\n<table class=\"avia-table avia-data-table avia-table-1  avia-builder-el-16  avia-builder-el-no-sibling  avia_pricing_default\">\n<tbody>\n<tr class=\"\">\n<th class=\"avia-desc-col\"><span>Infrared Detector<\/span><\/th>\n<td class=\"\"><span>VPD PbSe FPA with digital bus and non-cooling operation<\/span><\/td>\n<\/tr>\n<tr class=\"\">\n<th class=\"avia-desc-col\"><span>FPA format<\/span><\/th>\n<td class=\"\"><span>128\u00d7128 pixels (16384 total)<\/span><\/td>\n<\/tr>\n<tr class=\"\">\n<th class=\"avia-desc-col\"><span>pixel size<\/span><\/th>\n<td class=\"\"><span>50 um (square)<\/span><\/td>\n<\/tr>\n<tr class=\"\">\n<th class=\"avia-desc-col\"><span>Spectral range<\/span><\/th>\n<td class=\"\"><span>Medium-wave infrared (1.0 to 5.0 microns)<\/span><\/td>\n<\/tr>\n<tr class=\"\">\n<th class=\"avia-desc-col\"><span>Detection of peak wavelength<\/span><\/th>\n<td class=\"\"><span>3.7 microns<\/span><\/td>\n<\/tr>\n<tr class=\"\">\n<th class=\"avia-desc-col\"><span>Minimum Detection Temperature<\/span><\/th>\n<td class=\"\"><span>100\u00b0C<\/span><\/td>\n<\/tr>\n<tr class=\"\">\n<th class=\"avia-desc-col\"><span>Data Communication<\/span><\/th>\n<td class=\"\"><span>14 bits<\/span><\/td>\n<\/tr>\n<tr class=\"\">\n<th class=\"avia-desc-col\"><span>communication interface<\/span><\/th>\n<td class=\"\"><span>PoE-enabled GigE VISION 2.0<\/span><\/td>\n<\/tr>\n<tr class=\"\">\n<th class=\"avia-desc-col\"><span>trigger<\/span><\/th>\n<td class=\"\"><span>Input\/Output (via expansion port)<\/span><br \/>\n<span>Note: I\/O expansion port cables are available as an add-on accessory.<\/span><\/td>\n<\/tr>\n<tr class=\"\">\n<th class=\"avia-desc-col\"><span>Frame rate<\/span><\/th>\n<td class=\"\"><span>TACHYON 16k CAMERA: 2000 images per second (max. @128\u00d7128), interlaced scanning<\/span><br \/>\n<span>TACHYON 16k CAMERA PLUS: 4000 images per second (max. @128\u00d7128), snapshots<\/span><br \/>\n<span>The frame rate of the acquisition depends on the configuration used.<\/span><br \/>\n<span>Allows use of higher frame rate embedded ROI window functions<\/span><\/td>\n<\/tr>\n<tr class=\"\">\n<th class=\"avia-desc-col\"><span>Start Time<\/span><\/th>\n<td class=\"\"><span>Less than 10 seconds<\/span><\/td>\n<\/tr>\n<tr class=\"\">\n<th class=\"avia-desc-col\"><span>forces<\/span><\/th>\n<td class=\"\"><span>8 W (including PoE injector for power supply)<\/span><\/td>\n<\/tr>\n<tr class=\"\">\n<th class=\"avia-desc-col\"><span>Shell<\/span><\/th>\n<td class=\"\"><span>Metal with Optical Interface CS-mount, Rear Connector and Tripod Screws<\/span><\/td>\n<\/tr>\n<tr class=\"\">\n<th class=\"avia-desc-col\"><span>optics<\/span><\/th>\n<td class=\"\"><span>Silicon lens (1 - 5 um) with permeation enhancer, f=35 mm, F#1.1, FoV: 10.5\u00bax10.5\u00ba, manual focus. cs connector, replaceable (standard option)<\/span><br \/>\n<span>Request additional lens options<\/span><\/td>\n<\/tr>\n<tr class=\"\">\n<th class=\"avia-desc-col\"><span>Dimensions (without mirror, mm), weight<\/span><\/th>\n<td class=\"\"><span>66 x 62 x 62<\/span><br \/>\n<span>400 grams<\/span><\/td>\n<\/tr>\n<tr class=\"\">\n<th class=\"avia-desc-col\"><span>Software<\/span><\/th>\n<td class=\"\"><span>NIT Software Suite (Capture and Visualization)<\/span><\/td>\n<\/tr>\n<tr class=\"\">\n<th class=\"avia-desc-col\"><span>Other information<\/span><\/th>\n<td class=\"\"><span>Mechanical shutter for 1 pt offset correction<\/span><br \/>\n<span>GenICam compliant<\/span><br \/>\n<span>Image Window Compatible Cameras<\/span><\/td>\n<\/tr>\n<tr class=\"\">\n<th class=\"avia-desc-col\"><span>The system includes<\/span><\/th>\n<td class=\"\"><span>TACHYON 16k camera with optics f=35 mm (standard option)<\/span><br \/>\n<span>1x Ethernet over cable Cat6e<\/span><br \/>\n<span>1x PoE Injector (Power)<\/span><br \/>\n<span>Software Packages<\/span><\/td>\n<\/tr>\n<tr class=\"\">\n<th class=\"avia-desc-col\"><span>Other accessories (please contact us for availability information)<\/span><\/th>\n<td class=\"\"><span>Cable Ethernet Cat6e GigE Vision with Locking Screws<\/span><br \/>\n<span>Cable I\/O Expansion Ports<\/span><br \/>\n<span>Exterior for shell cooling<\/span><br \/>\n<span>Water cooling head Cooling housing (water, air)<\/span><\/td>\n<\/tr>\n<\/tbody>\n<\/table>\n<p>&nbsp;<\/p>\n<p>&nbsp;<\/p>\n<h2>Model Comparison<\/h2>\n<table style=\"height: 620px;\" width=\"883\">\n<tbody>\n<tr>\n<td width=\"184\"><\/td>\n<td width=\"184\">TACHYON 16K Camera<\/td>\n<td width=\"184\">TACHYON 16K Camera Enhanced Edition<\/td>\n<\/tr>\n<tr>\n<td width=\"184\">Maximum frame rate<\/td>\n<td width=\"184\">2000 frames per second @ 128\u00d7128 using embedded ROI windowing allows higher frame rates<\/td>\n<td width=\"184\">4000 images per second @ 128\u00d7128<br \/>\nAllows for higher frame rates using the embedded ROI window feature<\/td>\n<\/tr>\n<tr>\n<td width=\"184\">Windows mode<\/td>\n<td width=\"184\">128 x 128<br \/>\n64 x 64 (FPA Center)<br \/>\n32 x 32 (FPA center)<br \/>\n1 x 128 (FPA Center)<\/td>\n<td width=\"184\">Size and position of ROI: configurable via SW<\/td>\n<\/tr>\n<tr>\n<td width=\"184\">Sourcing Methods<\/td>\n<td width=\"184\">128 x 128: interlaced mode<br \/>\n64\u00d764, 32\u00d732, 1\u00d7128: Snapshot Sampling<\/td>\n<td width=\"184\">All Modes: Snapshot Sampling<\/td>\n<\/tr>\n<tr>\n<td width=\"184\">NUC Calibration Table<\/td>\n<td width=\"184\">Software Amendments<\/td>\n<td width=\"184\">Hardware calibration (stores 4 tables)<\/td>\n<\/tr>\n<tr>\n<td width=\"184\">Data Transmission Method<\/td>\n<td width=\"184\">Raw Data, 14-bit<\/td>\n<td width=\"184\">Optional:<br \/>\n- RAW Data, 14-bit<br \/>\n- NUC correction, 16 bit<br \/>\n- High-speed mode RAW\/NUC: 12-bit<\/td>\n<\/tr>\n<\/tbody>\n<\/table>\n<p>&nbsp;<\/p>\n<p>&nbsp;<\/p>\n<h2>V. Downloading documents<\/h2>\n<p><a href=\"https:\/\/www.niteurope.com\/wp-content\/uploads\/2017\/01\/TACHYON_16k_CAMERA_NIT.pdf\">Data Sheet<\/a><\/p>","protected":false},"excerpt":{"rendered":"<p>TACHYON 16K Camera &amp; TACHYON 16K Camera upgraded, non-cooled MWIR 128\u00d7128 pixel infrared camera with high speed frame rate (up to 4,000 fps).<\/p>\n<p>&nbsp;<\/p>\n<p>Technical Specifications<\/p>\n<table class=\"avia-table avia-data-table avia-table-1  avia-builder-el-16  avia-builder-el-no-sibling  avia_pricing_default\">\n<tbody>\n<tr class=\"\">\n<th class=\"avia-desc-col\"><span>Infrared Detector<\/span><\/th>\n<td class=\"\"><span>VPD PbSe FPA with digital bus and non-cooling operation<\/span><\/td>\n<\/tr>\n<tr class=\"\">\n<th class=\"avia-desc-col\"><span>FPA format<\/span><\/th>\n<td class=\"\"><span>128\u00d7128 pixels (16384 total)<\/span><\/td>\n<\/tr>\n<tr class=\"\">\n<th class=\"avia-desc-col\"><span>pixel size<\/span><\/th>\n<td class=\"\"><span>50 um (square)<\/span><\/td>\n<\/tr>\n<tr class=\"\">\n<th class=\"avia-desc-col\"><span>Spectral range<\/span><\/th>\n<td class=\"\"><span>Medium-wave infrared (1.0 to 5.0 microns)<\/span><\/td>\n<\/tr>\n<tr class=\"\">\n<th class=\"avia-desc-col\"><span>Detection of peak wavelength<\/span><\/th>\n<td class=\"\"><span>3.7 microns<\/span><\/td>\n<\/tr>\n<tr class=\"\">\n<th class=\"avia-desc-col\"><span>Minimum Detection Temperature<\/span><\/th>\n<td class=\"\"><span>100\u00b0C<\/span><\/td>\n<\/tr>\n<tr class=\"\">\n<th class=\"avia-desc-col\"><span>Data Communication<\/span><\/th>\n<td class=\"\"><span>14 bits<\/span><\/td>\n<\/tr>\n<tr class=\"\">\n<th class=\"avia-desc-col\"><span>communication interface<\/span><\/th>\n<td class=\"\"><span>PoE-enabled GigE VISION 2.0<\/span><\/td>\n<\/tr>\n<\/tbody>\n<\/table>","protected":false},"featured_media":8120,"comment_status":"closed","ping_status":"closed","template":"","meta":{"_eb_attr":"","ocean_post_layout":"","ocean_both_sidebars_style":"","ocean_both_sidebars_content_width":0,"ocean_both_sidebars_sidebars_width":0,"ocean_sidebar":"0","ocean_second_sidebar":"0","ocean_disable_margins":"enable","ocean_add_body_class":"","ocean_shortcode_before_top_bar":"","ocean_shortcode_after_top_bar":"","ocean_shortcode_before_header":"","ocean_shortcode_after_header":"","ocean_has_shortcode":"","ocean_shortcode_after_title":"","ocean_shortcode_before_footer_widgets":"","ocean_shortcode_after_footer_widgets":"","ocean_shortcode_before_footer_bottom":"","ocean_shortcode_after_footer_bottom":"","ocean_display_top_bar":"default","ocean_display_header":"default","ocean_header_style":"","ocean_center_header_left_menu":"0","ocean_custom_header_template":"0","ocean_custom_logo":0,"ocean_custom_retina_logo":0,"ocean_custom_logo_max_width":0,"ocean_custom_logo_tablet_max_width":0,"ocean_custom_logo_mobile_max_width":0,"ocean_custom_logo_max_height":0,"ocean_custom_logo_tablet_max_height":0,"ocean_custom_logo_mobile_max_height":0,"ocean_header_custom_menu":"0","ocean_menu_typo_font_family":"0","ocean_menu_typo_font_subset":"","ocean_menu_typo_font_size":0,"ocean_menu_typo_font_size_tablet":0,"ocean_menu_typo_font_size_mobile":0,"ocean_menu_typo_font_size_unit":"px","ocean_menu_typo_font_weight":"","ocean_menu_typo_font_weight_tablet":"","ocean_menu_typo_font_weight_mobile":"","ocean_menu_typo_transform":"","ocean_menu_typo_transform_tablet":"","ocean_menu_typo_transform_mobile":"","ocean_menu_typo_line_height":0,"ocean_menu_typo_line_height_tablet":0,"ocean_menu_typo_line_height_mobile":0,"ocean_menu_typo_line_height_unit":"","ocean_menu_typo_spacing":0,"ocean_menu_typo_spacing_tablet":0,"ocean_menu_typo_spacing_mobile":0,"ocean_menu_typo_spacing_unit":"","ocean_menu_link_color":"","ocean_menu_link_color_hover":"","ocean_menu_link_color_active":"","ocean_menu_link_background":"","ocean_menu_link_hover_background":"","ocean_menu_link_active_background":"","ocean_menu_social_links_bg":"","ocean_menu_social_hover_links_bg":"","ocean_menu_social_links_color":"","ocean_menu_social_hover_links_color":"","ocean_disable_title":"default","ocean_disable_heading":"default","ocean_post_title":"","ocean_post_subheading":"","ocean_post_title_style":"","ocean_post_title_background_color":"","ocean_post_title_background":0,"ocean_post_title_bg_image_position":"","ocean_post_title_bg_image_attachment":"","ocean_post_title_bg_image_repeat":"","ocean_post_title_bg_image_size":"","ocean_post_title_height":0,"ocean_post_title_bg_overlay":0.5,"ocean_post_title_bg_overlay_color":"","ocean_disable_breadcrumbs":"default","ocean_breadcrumbs_color":"","ocean_breadcrumbs_separator_color":"","ocean_breadcrumbs_links_color":"","ocean_breadcrumbs_links_hover_color":"","ocean_display_footer_widgets":"default","ocean_display_footer_bottom":"default","ocean_custom_footer_template":"0","iawp_total_views":90},"product_brand":[],"product_cat":[964,972],"product_tag":[975],"class_list":{"0":"post-8127","1":"product","2":"type-product","3":"status-publish","4":"has-post-thumbnail","6":"product_cat-optoelectronics-technology","7":"product_cat-infrared-camera","8":"product_tag-tachyon-16k-","10":"entry","11":"has-media","13":"first","14":"instock","15":"shipping-taxable","16":"product-type-simple","17":"has-product-nav","18":"col","19":"span_1_of_4","20":"owp-content-center","21":"owp-thumbs-layout-horizontal","22":"owp-btn-normal","23":"owp-tabs-layout-horizontal"},"aioseo_notices":[],"_links":{"self":[{"href":"https:\/\/hongtronics.com\/en\/wp-json\/wp\/v2\/product\/8127","targetHints":{"allow":["GET"]}}],"collection":[{"href":"https:\/\/hongtronics.com\/en\/wp-json\/wp\/v2\/product"}],"about":[{"href":"https:\/\/hongtronics.com\/en\/wp-json\/wp\/v2\/types\/product"}],"replies":[{"embeddable":true,"href":"https:\/\/hongtronics.com\/en\/wp-json\/wp\/v2\/comments?post=8127"}],"version-history":[{"count":0,"href":"https:\/\/hongtronics.com\/en\/wp-json\/wp\/v2\/product\/8127\/revisions"}],"wp:featuredmedia":[{"embeddable":true,"href":"https:\/\/hongtronics.com\/en\/wp-json\/wp\/v2\/media\/8120"}],"wp:attachment":[{"href":"https:\/\/hongtronics.com\/en\/wp-json\/wp\/v2\/media?parent=8127"}],"wp:term":[{"taxonomy":"product_brand","embeddable":true,"href":"https:\/\/hongtronics.com\/en\/wp-json\/wp\/v2\/product_brand?post=8127"},{"taxonomy":"product_cat","embeddable":true,"href":"https:\/\/hongtronics.com\/en\/wp-json\/wp\/v2\/product_cat?post=8127"},{"taxonomy":"product_tag","embeddable":true,"href":"https:\/\/hongtronics.com\/en\/wp-json\/wp\/v2\/product_tag?post=8127"}],"curies":[{"name":"wp","href":"https:\/\/api.w.org\/{rel}","templated":true}]}}