{"id":6330,"date":"2021-06-16T14:22:00","date_gmt":"2021-06-16T06:22:00","guid":{"rendered":"https:\/\/hongtronics.com\/?post_type=product&#038;p=6330"},"modified":"2021-06-16T14:30:00","modified_gmt":"2021-06-16T06:30:00","slug":"hk-lgmqm4-4x4-mimo-2g-3g-4g","status":"publish","type":"product","link":"https:\/\/hongtronics.com\/en\/product\/hk-lgmqm4-4x4-mimo-2g-3g-4g\/","title":{"rendered":"\u8eca\u8f09\u5929\u7dda4&#215;4 MiMo 2G\/3G\/4G, MiMo WiFi + GNSS"},"content":{"rendered":"<h2>I. Overview<\/h2>\n<p>HK-LGMQM4\u662f\u4e00\u7cfb\u5217\u983b\u7387\u7bc4\u570d\u8986\u84cb698-3800MHz\u7684\u9ad8\u6027\u80fdMiMo\u5929\u7dda\uff0c\u540c\u6642\u63d0\u4f9b2\u00d72\/3\u00d73\u62164\u00d74 MiMo\/\u5206\u96c6\uff0c\u983b\u7387\u70ba2.4\/5.0GHz\uff0c\u4ee5\u53ca\u4e00\u500bGNSS\u5929\u7dda\u3002<\/p>\n<ul>\n<li><span><span>\u8584\u578b\u5929\u7dda\uff0c\u6700\u591a\u53ef\u7d44\u54089\u7a2e\u529f\u80fd<\/span><\/span><\/li>\n<li><span><span>MiMo 2G\/3G\/4G\u8702\u7aa9\uff0cMiMo 2.4\/4.9-6GHz\u548cGNSS\u96c6\u6210\u5728\u4e00\u500b\u5916\u6bbc\u4e2d<\/span><\/span><\/li>\n<li><span><span>\u5e36\u6709\u64f4\u5c55\u96fb\u7e9c\u7684\u5957\u4ef6\u53ef\u7528\u65bc\u4e00\u7cfb\u5217LTE\u8def\u7531\u5668<\/span><\/span><\/li>\n<\/ul>\n<p><span>\u5b8f\u8679HK-L[G]M[Q]M4\u8584\u578bMiMo\u5929\u7dda\u7cfb\u5217\u662f\u70ba\u652f\u6301\u4e0b\u4e00\u4ee34\u00d74 MiMo\u8eca\u8f09LTE\u8def\u7531\u800c\u8a2d\u8a08\u7684\u3002\u5929\u7dda\u5916\u6bbc\u53ef\u5305\u542b\u591a\u90549\u500b\u5929\u7dda\u5143\u4ef6\u3002<\/span><br \/>\n<span>\u6240\u6709\u7248\u672c\u90fd\u67094\u500b698-3800MHz\u7684\u8d85\u5bec\u5e36\u5143\u4ef6\uff0c\u652f\u63014G\/5G\u548c\u8702\u7aa9\u983b\u6bb5\u7684MiMo\u529f\u80fd\u3002HK-LG\u7248\u672c\u63d0\u4f9b\u7684GNSS\u5929\u7dda\u5177\u670926dB\u589e\u76caLNA\uff0c\u4e26\u5177\u6709\u9ad8\u6027\u80fd\u6ffe\u6ce2\u529f\u80fd\uff0c\u64cd\u4f5c\u53ef\u9760\u3002\u6b64\u5916\uff0c\u9084\u6709\u5305\u62ec2\u30013\u62164\u500b2.4\/4.9-6GHz\u96d9\u983bWiFi\u5143\u4ef6\u7684\u8b8a\u9ad4\uff0c\u4ee524-58\u70ba\u5f8c\u7db4\u6307\u5b9aMiMo\u529f\u80fd\u3002<\/span><\/p>\n<p><span>\u8a72\u5929\u7dda\u4e0d\u9700\u8981\u91d1\u5c6c\u5e73\u9762\uff0c\u5373\u4f7f\u5b89\u88dd\u5728\u975e\u91d1\u5c6c\u8868\u9762\u4e5f\u80fd\u4fdd\u6301\u8f03\u9ad8\u7684\u6027\u80fd\u3002<\/span><br \/>\n<span>GNSS\u5929\u7dda\u6a21\u584a\u7372\u5f97\u4e86ECE R10.4\u4e0b\u7684E11\u6a19\u8a8c\u985e\u578b\u8a8d\u8b49\uff0c\u96fb\u7e9c\u7372\u5f97\u4e86ECE 118.01\u8a8d\u8b49\u3002<\/span><\/p>\n<p><span>\u96d6\u7136LTE\u5143\u4ef6\u662f\u70ba4\u00d74 MiMo\u64cd\u4f5c\u800c\u8a2d\u8a08\u7684\uff0c\u4f46\u5c0d\u65bc\u5728\u6545\u969c\u5207\u63db\u914d\u7f6e\u4e2d\u64c1\u67092\u500bSIMS\uff08\u7121\u7dda\u96fb\uff09\u7684\u8def\u7531\u5668\uff08\u5373\u4efb\u4f55\u6642\u5019\u53ea\u6709\u4e00\u500bSIM\u5361\u8655\u65bc\u6d3b\u52d5\u72c0\u614b\uff09\uff0c\u4e5f\u53ef\u4ee5\u5c07\u9019\u4e9b\u5143\u4ef6\u4f5c\u70ba2\u5c0d2\u00d72 MiMo\u4f7f\u7528\u3002\u7531\u65bc\u9019\u7a2e\u914d\u7f6e\u662f\u5c074\u6839\u5929\u7dda\u4e2d\u76842\u6839\u5929\u7dda\u7528\u65bc\u55ae\u5f35SIM\u5361\uff0c\u56e0\u6b64\u61c9\u6aa2\u67e5\u7db2\u7d61\u8986\u84cb\u7bc4\u570d\uff0c\u4ee5\u78ba\u4fdd\u9019\u7a2e\u4f7f\u7528\u662f\u5408\u9069\u7684\u3002<\/span><br \/>\n<span>\u95dc\u65bc\u6b63\u78ba\u9023\u63a5LTE\u5929\u7dda\u7684\u6307\u5c0e\u5728\u5b89\u88dd\u8aaa\u660e\u4e2d\u63d0\u4f9b\u3002\u8acb\u6ce8\u610f\uff1a\u8a72\u5929\u7dda\u4e0d\u9069\u5408\u8207\u64c1\u67092\u500bSIMS\u7684\u8def\u7531\u5668\u4e00\u8d77\u4f7f\u7528\uff0c\u4ee5\u63d0\u4f9b\u4e26\u767c\u6216\u805a\u5408\u6578\u64da\u64cd\u4f5c\uff0c\u56e0\u70baMiMo\u5c0d\u4e4b\u9593\u6c92\u6709\u8db3\u5920\u7684\u9694\u96e2\u3002<\/span><\/p>\n<p>&nbsp;<\/p>\n<h2>\u4e8c\u3001\u7522\u54c1\/\u6027\u80fd\u7279\u9ede<\/h2>\n<ul class=\"ulList\">\n<li><span><span>\u5177\u6709\u591a\u9054 9 \u7a2e\u529f\u80fd\u7684\u8584\u578b\u5929\u7dda<\/span><\/span><\/li>\n<li><span><span>\u7406\u60f3\u7684\u55ae\u5b54\u8eca\u7d44\u5408\u7522\u54c1<\/span><\/span><\/li>\n<li><span><span>\u8eca\u8f09\u8def\u7531\u5668\u7684\u9ad8\u6027\u80fd\u89e3\u6c7a\u65b9\u6848<\/span><\/span><\/li>\n<li><span><span>4&#215;4 MiMo 4G\/5G LTE \u8986\u84cb 700-3800MHz<\/span><\/span><\/li>\n<li><span><span>\u53ef\u9078\u7684 GNSS \u548c\u9ad8\u9054 4&#215;4 MiMo \u96d9\u983b WiFi<\/span><\/span><\/li>\n<li><span><span>\u7b26\u5408 IP69K \u548c ECE118<\/span><\/span><\/li>\n<\/ul>\n<p>&nbsp;<\/p>\n<h2>\u4e09\u3001\u512a\u52e2<\/h2>\n<ul class=\"ulList\">\n<li><span><span>\u5141\u8a31\u5c07 4G\/5G \u8def\u7531\u5668\u9023\u63a5\u5230\u55ae\u500b\u5929\u7dda\u4e2d<\/span><\/span><\/li>\n<li><span><span>\u5805\u56fa\u7684\u4f4e\u8abf\u8a2d\u8a08<\/span><\/span><\/li>\n<li><span><span>\u9069\u5408\u591a\u500b\u884c\u696d<\/span><\/span><\/li>\n<\/ul>\n<p>&nbsp;<\/p>\n<h2>\u56db\u3001\u61c9\u7528<\/h2>\n<ul class=\"ulList\">\n<li><span><span>public security<\/span><\/span><\/li>\n<li><span><span>Rail Transportation<\/span><\/span><\/li>\n<li><span><span>\u516c\u7528\u4e8b\u696d\u90e8\u9580<\/span><\/span><\/li>\n<\/ul>\n<p>&nbsp;<\/p>\n<h2>Technical Parameters<\/h2>\n<table width=\"394\">\n<tbody>\n<tr>\n<td width=\"197\"><strong><span>\u96fb\u6c23\u6578\u64da<\/span><\/strong><\/td>\n<td width=\"197\"><\/td>\n<\/tr>\n<tr>\n<td><span>LTE\u983b\u7387<\/span><\/td>\n<td><span>698-960\/1710-3800MHz<\/span><\/td>\n<\/tr>\n<tr>\n<td><span>\u5168\u7403\u5b9a\u4f4d<\/span><\/td>\n<td><span>\u53ef\u9078GPS\/GNSS 1562-1612<\/span><\/td>\n<\/tr>\n<tr>\n<td><span>WiFi\u983b\u7387<\/span><\/td>\n<td><span>MiMo \u2013 2.4\/5.0GHz<\/span><\/td>\n<\/tr>\n<tr>\n<td><span>\u5cf0\u503c\u589e\u76ca\uff08dBi\uff09<\/span><\/td>\n<td><span>5<\/span><\/td>\n<\/tr>\n<tr>\n<td><span>LTE MiMo<\/span><\/td>\n<td><span>4\u00d74<\/span><\/td>\n<\/tr>\n<tr>\n<td><span>WiFi MiMo<\/span><\/td>\n<td><span>2\u00d72;3\u00d73; 4\u00d74;<\/span><\/td>\n<\/tr>\n<tr>\n<td><span>\u6700\u5927\u8f38\u5165\u529f\u7387\uff08W\uff09<\/span><\/td>\n<td><span>10<\/span><\/td>\n<\/tr>\n<tr>\n<td><span>paradigm<\/span><\/td>\n<td><span>in all directions<\/span><\/td>\n<\/tr>\n<tr>\n<td><span>\u8207\u5730\u9762\u5206\u96e2<\/span><\/td>\n<td><span>yea<\/span><\/td>\n<\/tr>\n<tr>\n<td><strong><span>\u6a5f\u68b0\u6578\u64da<\/span><\/strong><\/td>\n<td><\/td>\n<\/tr>\n<tr>\n<td><span>\u53ef\u9078\u984f\u8272<\/span><\/td>\n<td><span>\u9ed1\u8272\/\u767d\u8272<\/span><\/td>\n<\/tr>\n<tr>\n<td><span>\u9ad8\u5ea6\uff08mm\uff09<\/span><\/td>\n<td><span>48<\/span><\/td>\n<\/tr>\n<tr>\n<td><span>\u76f4\u5f91\uff08mm\uff09<\/span><\/td>\n<td><span>170<\/span><\/td>\n<\/tr>\n<tr>\n<td><span>\u5de5\u4f5c\u6eab\u5ea6\uff08mm\uff09<\/span><\/td>\n<td><span>-30\/+80\u2103<\/span><\/td>\n<\/tr>\n<tr>\n<td><strong><span>\u5b89\u88dd\u6578\u64da<\/span><\/strong><\/td>\n<td><\/td>\n<\/tr>\n<tr>\n<td><span>\u5b89\u88dd\u985e\u578b<\/span><\/td>\n<td><span>\u9762\u677f\u5b89\u88dd<\/span><\/td>\n<\/tr>\n<tr>\n<td><span>Installation<\/span><\/td>\n<td><span>18mm (3\/4\u2033) \u5b89\u88dd\u896f\u5957<\/span><\/td>\n<\/tr>\n<tr>\n<td><strong><span>\u7372\u51c6\u6578\u64da<\/span><\/strong><\/td>\n<td><\/td>\n<\/tr>\n<tr>\n<td><span>IP\u7b49\u7d1a<\/span><\/td>\n<td><span>IP69K<\/span><\/td>\n<\/tr>\n<\/tbody>\n<\/table>\n<h2><\/h2>\n<h2>\u516d\u3001\u7522\u54c1\u8b8a\u9ad4<\/h2>\n<table id=\"myTableTB\">\n<tbody>\n<tr class=\"headerTB\">\n<td>Part Number<\/td>\n<td><strong>GPS\/GNSS<\/strong><br \/>\n(1575 MHz 26dB LNA)<\/td>\n<td><strong>CELL\/LTE<\/strong><br \/>\n(698-960\/1710-3800MHz)<\/td>\n<td><strong>WiFi<\/strong><br \/>\n(2.4\/4.9-6GHz)<\/td>\n<\/tr>\n<tr>\n<td>LGMM4-7-38<\/td>\n<td>Yes<\/td>\n<td>4&#215;4 MiMo<\/td>\n<td>&#8211;<\/td>\n<\/tr>\n<tr>\n<td>LGMDM4-7-38-24-58<\/td>\n<td>Yes<\/td>\n<td>4&#215;4 MiMo<\/td>\n<td>2&#215;2 MiMo<\/td>\n<\/tr>\n<tr>\n<td>LGMTM4-7-38-24-58<\/td>\n<td>Yes<\/td>\n<td>4&#215;4 MiMo<\/td>\n<td>3&#215;3 MiMo<\/td>\n<\/tr>\n<tr>\n<td>LGMQM4-7-38-24-58<\/td>\n<td>Yes<\/td>\n<td>4&#215;4 MiMo<\/td>\n<td>4&#215;4 MiMo<\/td>\n<\/tr>\n<\/tbody>\n<\/table>","protected":false},"excerpt":{"rendered":"<p class=\"h2ProdContent\"><span>HK-LGMQM4 \u662f\u4e00\u7cfb\u5217\u9ad8\u6027\u80fd MiMo \u5929\u7dda\uff0c\u8986\u84cb 698-3800MHz \u4e26\u63d0\u4f9b 2&#215;2 \/ 3&#215;3 \u6216 4&#215;4 MiMo\/Diversity at 2.4\/5.0GHz \u548c GNSS \u5929\u7dda<\/span><\/p>\n<p>\u578b\u865f:HK-LGMQM4<\/p>\n<p>&nbsp;<\/p>\n<p>Technical Parameters<\/p>\n<table width=\"394\">\n<tbody>\n<tr>\n<td width=\"197\"><strong><span>\u96fb\u6c23\u6578\u64da<\/span><\/strong><\/td>\n<td width=\"197\"><\/td>\n<\/tr>\n<tr>\n<td><span>LTE\u983b\u7387<\/span><\/td>\n<td><span>698-960\/1710-3800MHz<\/span><\/td>\n<\/tr>\n<tr>\n<td><span>\u5168\u7403\u5b9a\u4f4d<\/span><\/td>\n<td><span>\u53ef\u9078GPS\/GNSS 1562-1612<\/span><\/td>\n<\/tr>\n<tr>\n<td><span>WiFi\u983b\u7387<\/span><\/td>\n<td><span>MiMo \u2013 2.4\/5.0GHz<\/span><\/td>\n<\/tr>\n<tr>\n<td><span>\u5cf0\u503c\u589e\u76ca\uff08dBi\uff09<\/span><\/td>\n<td><span>5<\/span><\/td>\n<\/tr>\n<tr>\n<td><span>LTE MiMo<\/span><\/td>\n<td><span>4\u00d74<\/span><\/td>\n<\/tr>\n<tr>\n<td><span>WiFi MiMo<\/span><\/td>\n<td><span>2\u00d72;3\u00d73; 4\u00d74;<\/span><\/td>\n<\/tr>\n<tr>\n<td><span>\u6700\u5927\u8f38\u5165\u529f\u7387\uff08W\uff09<\/span><\/td>\n<td><span>10<\/span><\/td>\n<\/tr>\n<tr>\n<td><span>paradigm<\/span><\/td>\n<td><span>in all directions<\/span><\/td>\n<\/tr>\n<tr>\n<td><span>\u8207\u5730\u9762\u5206\u96e2<\/span><\/td>\n<td><span>yea<\/span><\/td>\n<\/tr>\n<tr>\n<td><strong><span>\u6a5f\u68b0\u6578\u64da<\/span><\/strong><\/td>\n<td><\/td>\n<\/tr>\n<tr>\n<td><span>\u53ef\u9078\u984f\u8272<\/span><\/td>\n<td><span>\u9ed1\u8272\/\u767d\u8272<\/span><\/td>\n<\/tr>\n<tr>\n<td><span>\u9ad8\u5ea6\uff08mm\uff09<\/span><\/td>\n<td><span>48<\/span><\/td>\n<\/tr>\n<tr>\n<td><span>\u76f4\u5f91\uff08mm\uff09<\/span><\/td>\n<td><span>170<\/span><\/td>\n<\/tr>\n<tr>\n<td><span>\u5de5\u4f5c\u6eab\u5ea6\uff08mm\uff09<\/span><\/td>\n<td><span>-30\/+80\u2103<\/span><\/td>\n<\/tr>\n<tr>\n<td><strong><span>\u5b89\u88dd\u6578\u64da<\/span><\/strong><\/td>\n<td><\/td>\n<\/tr>\n<tr>\n<td><span>\u5b89\u88dd\u985e\u578b<\/span><\/td>\n<td><span>\u9762\u677f\u5b89\u88dd<\/span><\/td>\n<\/tr>\n<tr>\n<td><span>Installation<\/span><\/td>\n<td><span>18mm (3\/4\u2033) \u5b89\u88dd\u896f\u5957<\/span><\/td>\n<\/tr>\n<tr>\n<td><strong><span>\u7372\u51c6\u6578\u64da<\/span><\/strong><\/td>\n<td><\/td>\n<\/tr>\n<tr>\n<td><span>IP\u7b49\u7d1a<\/span><\/td>\n<td><span>IP69K<\/span><\/td>\n<\/tr>\n<\/tbody>\n<\/table>","protected":false},"featured_media":6314,"comment_status":"closed","ping_status":"closed","template":"","meta":{"_eb_attr":"","ocean_post_layout":"","ocean_both_sidebars_style":"","ocean_both_sidebars_content_width":0,"ocean_both_sidebars_sidebars_width":0,"ocean_sidebar":"0","ocean_second_sidebar":"0","ocean_disable_margins":"enable","ocean_add_body_class":"","ocean_shortcode_before_top_bar":"","ocean_shortcode_after_top_bar":"","ocean_shortcode_before_header":"","ocean_shortcode_after_header":"","ocean_has_shortcode":"","ocean_shortcode_after_title":"","ocean_shortcode_before_footer_widgets":"","ocean_shortcode_after_footer_widgets":"","ocean_shortcode_before_footer_bottom":"","ocean_shortcode_after_footer_bottom":"","ocean_display_top_bar":"default","ocean_display_header":"default","ocean_header_style":"","ocean_center_header_left_menu":"0","ocean_custom_header_template":"0","ocean_custom_logo":0,"ocean_custom_retina_logo":0,"ocean_custom_logo_max_width":0,"ocean_custom_logo_tablet_max_width":0,"ocean_custom_logo_mobile_max_width":0,"ocean_custom_logo_max_height":0,"ocean_custom_logo_tablet_max_height":0,"ocean_custom_logo_mobile_max_height":0,"ocean_header_custom_menu":"0","ocean_menu_typo_font_family":"0","ocean_menu_typo_font_subset":"","ocean_menu_typo_font_size":0,"ocean_menu_typo_font_size_tablet":0,"ocean_menu_typo_font_size_mobile":0,"ocean_menu_typo_font_size_unit":"px","ocean_menu_typo_font_weight":"","ocean_menu_typo_font_weight_tablet":"","ocean_menu_typo_font_weight_mobile":"","ocean_menu_typo_transform":"","ocean_menu_typo_transform_tablet":"","ocean_menu_typo_transform_mobile":"","ocean_menu_typo_line_height":0,"ocean_menu_typo_line_height_tablet":0,"ocean_menu_typo_line_height_mobile":0,"ocean_menu_typo_line_height_unit":"","ocean_menu_typo_spacing":0,"ocean_menu_typo_spacing_tablet":0,"ocean_menu_typo_spacing_mobile":0,"ocean_menu_typo_spacing_unit":"","ocean_menu_link_color":"","ocean_menu_link_color_hover":"","ocean_menu_link_color_active":"","ocean_menu_link_background":"","ocean_menu_link_hover_background":"","ocean_menu_link_active_background":"","ocean_menu_social_links_bg":"","ocean_menu_social_hover_links_bg":"","ocean_menu_social_links_color":"","ocean_menu_social_hover_links_color":"","ocean_disable_title":"default","ocean_disable_heading":"default","ocean_post_title":"","ocean_post_subheading":"","ocean_post_title_style":"","ocean_post_title_background_color":"","ocean_post_title_background":0,"ocean_post_title_bg_image_position":"","ocean_post_title_bg_image_attachment":"","ocean_post_title_bg_image_repeat":"","ocean_post_title_bg_image_size":"","ocean_post_title_height":0,"ocean_post_title_bg_overlay":0.5,"ocean_post_title_bg_overlay_color":"","ocean_disable_breadcrumbs":"default","ocean_breadcrumbs_color":"","ocean_breadcrumbs_separator_color":"","ocean_breadcrumbs_links_color":"","ocean_breadcrumbs_links_hover_color":"","ocean_display_footer_widgets":"default","ocean_display_footer_bottom":"default","ocean_custom_footer_template":"0","iawp_total_views":164},"product_brand":[],"product_cat":[763,764],"product_tag":[777],"class_list":{"0":"post-6330","1":"product","2":"type-product","3":"status-publish","4":"has-post-thumbnail","6":"product_cat-antenna","7":"product_cat-2-3-4-5g-lteantennas","8":"product_tag-4x4-mimo-2g-3g-4g","10":"entry","11":"has-media","13":"first","14":"instock","15":"shipping-taxable","16":"product-type-simple","17":"has-product-nav","18":"col","19":"span_1_of_4","20":"owp-content-center","21":"owp-thumbs-layout-horizontal","22":"owp-btn-normal","23":"owp-tabs-layout-horizontal"},"aioseo_notices":[],"_links":{"self":[{"href":"https:\/\/hongtronics.com\/en\/wp-json\/wp\/v2\/product\/6330","targetHints":{"allow":["GET"]}}],"collection":[{"href":"https:\/\/hongtronics.com\/en\/wp-json\/wp\/v2\/product"}],"about":[{"href":"https:\/\/hongtronics.com\/en\/wp-json\/wp\/v2\/types\/product"}],"replies":[{"embeddable":true,"href":"https:\/\/hongtronics.com\/en\/wp-json\/wp\/v2\/comments?post=6330"}],"version-history":[{"count":0,"href":"https:\/\/hongtronics.com\/en\/wp-json\/wp\/v2\/product\/6330\/revisions"}],"wp:featuredmedia":[{"embeddable":true,"href":"https:\/\/hongtronics.com\/en\/wp-json\/wp\/v2\/media\/6314"}],"wp:attachment":[{"href":"https:\/\/hongtronics.com\/en\/wp-json\/wp\/v2\/media?parent=6330"}],"wp:term":[{"taxonomy":"product_brand","embeddable":true,"href":"https:\/\/hongtronics.com\/en\/wp-json\/wp\/v2\/product_brand?post=6330"},{"taxonomy":"product_cat","embeddable":true,"href":"https:\/\/hongtronics.com\/en\/wp-json\/wp\/v2\/product_cat?post=6330"},{"taxonomy":"product_tag","embeddable":true,"href":"https:\/\/hongtronics.com\/en\/wp-json\/wp\/v2\/product_tag?post=6330"}],"curies":[{"name":"wp","href":"https:\/\/api.w.org\/{rel}","templated":true}]}}