{"id":6322,"date":"2021-06-16T13:57:56","date_gmt":"2021-06-16T05:57:56","guid":{"rendered":"https:\/\/hongtronics.com\/?post_type=product&#038;p=6322"},"modified":"2021-06-16T14:09:03","modified_gmt":"2021-06-16T06:09:03","slug":"hk-gpsdxs4-7-38-x24-sharkfin","status":"publish","type":"product","link":"https:\/\/hongtronics.com\/en\/product\/hk-gpsdxs4-7-38-x24-sharkfin\/","title":{"rendered":"Sharkfin\u5929\u7ddaMiMo 4G\/5G\/MiMo UHF + GPS\/GNSS + \u97ad\u5929\u7dda\u5b89\u88dd&#038; MiMo Wifi\u9078\u4ef6"},"content":{"rendered":"<h2>I. Overview<\/h2>\n<p>\u4e00\u9ad4\u5316\u7684\u9bca\u9b5a\u9c2d\u5f0f\u89e3\u6c7a\u65b9\u6848\uff0c\u9069\u7528\u65bc\u9700\u8981VHF\u6216UHF\u529f\u80fd\u7684MiMo UHF LTE\u3001MiMo \u8702\u7aa9LTE\u3001MiMo WiFi\u548cGPS\u61c9\u7528\u3002<\/p>\n<ul>\n<li><span><span>\u9bca\u9b5a\u9c2d\u9020\u578b<\/span><\/span><\/li>\n<li><span><span>1x\u62162x GPS\/GNSS\uff0cMiMo UHF 450-470MHz\uff0cMiMo 4G\u548c3.6GHz 5G\u8702\u7aa9\u4ee5\u53ca2\u00d72\u30013\u00d73\u62164\u00d74 MiMo 2.4 \/ 4.9-6GHz\u9078\u4ef6<\/span><\/span><\/li>\n<li><span><span>\u91cd\u578b\u8a2d\u8a08\uff0c\u9069\u7528\u65bc\u53ef\u9078\u7684VHF\u6216UHF\u97ad\u5b50<\/span><\/span><\/li>\n<\/ul>\n<p><span>HK-GPSD[X]S4-7-38[-X24]\u7cfb\u5217\u662f\u4e00\u6b3e\u591a\u529f\u80fd\u5929\u7dda\uff0c\u5177\u67092\u00d72 MiMo\u529f\u80fd\uff0c\u9069\u7528\u65bc4G\u548c3.6GHz 5G LTE\uff0c2\u00d72 UHF LTE\u529f\u80fd\uff0c\u983b\u7387\u7bc4\u570d\u70ba450 -470MHz\uff0c\u4e26\u96c6\u6210\u4e86\u6700\u591a\u5169\u500b26dB\u589e\u76caLNAs\u7684\u6709\u6e90GPS\/GNSS\u5929\u7dda\u3002<\/span><span>HK-GPSD\u7248\u672c\u6709\u4e00\u500bM6\u87ba\u67f1(\u5728\u5c01\u84cb\u4e0b)\uff0c\u7528\u65bc\u9078\u914d\u901a\u4fe1\u97ad\u3002<\/span><span>\u6b64\u5916\uff0c\u9084\u6709\u5305\u62ec2\u00d72\u30013\u00d73\u62164\u00d74 MiMo\u96d9\u983bWiFi\u5929\u7dda\u7684\u7248\u672c\u3002<\/span><\/p>\n<p>&nbsp;<\/p>\n<h2>\u4e8c\u3001\u6280\u8853\u53c3\u6578<\/h2>\n<table width=\"394\">\n<tbody>\n<tr>\n<td width=\"197\"><strong><span>\u96fb\u6c23\u6578\u64da<\/span><\/strong><\/td>\n<td width=\"197\"><\/td>\n<\/tr>\n<tr>\n<td><span>LTE\u983b\u7387<\/span><\/td>\n<td><span>698-960\/1710-3800MHz<\/span><\/td>\n<\/tr>\n<tr>\n<td><span>UHF\uff08340-520MHz\uff09<\/span><\/td>\n<td><span>2\u00d72 MiMo 450-470MHz<\/span><\/td>\n<\/tr>\n<tr>\n<td><span>\u5168\u7403\u5b9a\u4f4d<\/span><\/td>\n<td><span>GPS \/ GNSS 1562-1612; \u53ef\u90782x GPS \/ GNSS 1562-1612<\/span><\/td>\n<\/tr>\n<tr>\n<td><span>WiFi\u983b\u7387<\/span><\/td>\n<td><span>MiMo \u2013 2.4\/5.0GHz \u2013\uff08\u53ef\u9078\uff09<\/span><\/td>\n<\/tr>\n<tr>\n<td><span>LTE MiMo<\/span><\/td>\n<td><span>2\u00d72<\/span><\/td>\n<\/tr>\n<tr>\n<td><span>WiFi MiMo<\/span><\/td>\n<td><span>\u53ef\u90782\u00d72;3\u00d73; 4\u00d74; 6\u00d76<\/span><\/td>\n<\/tr>\n<tr>\n<td><span>\u6700\u5927\u8f38\u5165\u529f\u7387\uff08W\uff09<\/span><\/td>\n<td><span>20<\/span><\/td>\n<\/tr>\n<tr>\n<td><span>paradigm<\/span><\/td>\n<td><span>in all directions<\/span><\/td>\n<\/tr>\n<tr>\n<td><strong><span>\u5168\u7403\u5b9a\u4f4d\u6578\u64da<\/span><\/strong><\/td>\n<td><\/td>\n<\/tr>\n<tr>\n<td><span>\u983b\u7387\u7bc4\u570d\uff08MHz\uff09<\/span><\/td>\n<td><span>1562-1612<\/span><\/td>\n<\/tr>\n<tr>\n<td><span>LNA\u589e\u76ca\uff08dB\uff09<\/span><\/td>\n<td><span>26<\/span><\/td>\n<\/tr>\n<tr>\n<td><strong><span>\u6a5f\u68b0\u6578\u64da<\/span><\/strong><\/td>\n<td><\/td>\n<\/tr>\n<tr>\n<td><span>\u53ef\u9078\u984f\u8272<\/span><\/td>\n<td><span>ferrous<\/span><\/td>\n<\/tr>\n<tr>\n<td><span>\u9577\u5ea6\uff08mm\uff09<\/span><\/td>\n<td><span>225<\/span><\/td>\n<\/tr>\n<tr>\n<td><span>\u5bec\u5ea6\uff08mm\uff09<\/span><\/td>\n<td><span>145<\/span><\/td>\n<\/tr>\n<tr>\n<td><span>\u9ad8\u5ea6\uff08mm\uff09<\/span><\/td>\n<td><span>55<\/span><\/td>\n<\/tr>\n<tr>\n<td><strong><span>\u5b89\u88dd\u6578\u64da<\/span><\/strong><\/td>\n<td><\/td>\n<\/tr>\n<tr>\n<td><span>\u5b89\u88dd\u985e\u578b<\/span><\/td>\n<td><span>\u9762\u677f\u5b89\u88dd<\/span><\/td>\n<\/tr>\n<tr>\n<td><span>Installation<\/span><\/td>\n<td><span>18mm (3\/4\u2033) \u5b89\u88dd\u896f\u5957<\/span><\/td>\n<\/tr>\n<tr>\n<td><span>\u97ad\u5b89\u88dd<\/span><\/td>\n<td><span>M6x0.75<\/span><\/td>\n<\/tr>\n<tr>\n<td><strong><span>\u7372\u51c6\u6578\u64da<\/span><\/strong><\/td>\n<td><\/td>\n<\/tr>\n<tr>\n<td><span>IP\u7b49\u7d1a<\/span><\/td>\n<td><span>IP69K<\/span><\/td>\n<\/tr>\n<tr>\n<td><span>\u963b\u71c3\u6027<\/span><\/td>\n<td><span>\u7b26\u5408UN118.01<\/span><\/td>\n<\/tr>\n<\/tbody>\n<\/table>\n<h2><\/h2>\n<h2>\u4e09\u3001\u7522\u54c1\u8b8a\u9ad4<\/h2>\n<table class=\"table table-bordered\">\n<tbody>\n<tr bgcolor=\"#cccccc\">\n<td>Part Number<\/td>\n<td>Colour<\/td>\n<td>\u00a0Whip Position<\/td>\n<td>GPS\/GNSS<\/td>\n<td>UHF<\/td>\n<td>Cellular \/ LTE<\/td>\n<td>WiFi<\/td>\n<\/tr>\n<tr>\n<td>FINDS4-7-38<\/td>\n<td>Black<\/td>\n<td>M6 x 0.75 stud<\/td>\n<td>N\/A<\/td>\n<td>2&#215;2 MiMo 450-470MHz<\/td>\n<td>2x2MiMo: 698-960\/1710-3800MHz<\/td>\n<td>N\/A<\/td>\n<\/tr>\n<tr>\n<td>FINDWS4-7-38<\/td>\n<td>White<\/td>\n<td>M6 x 0.75 stud<\/td>\n<td>N\/A<\/td>\n<td>2&#215;2 MiMo 450-470MHz<\/td>\n<td>2x2MiMo: 698-960\/1710-3800MHz<\/td>\n<td>N\/A<\/td>\n<\/tr>\n<tr>\n<td>GPSDS4-7-38<\/td>\n<td>Black<\/td>\n<td>M6 x 0.75 stud<\/td>\n<td>1x 1562-1612MHz 26dB LNA<\/td>\n<td>2&#215;2 MiMo 450-470MHz<\/td>\n<td>2x2MiMo: 698-960\/1710-3800MHz<\/td>\n<td>N\/A<\/td>\n<\/tr>\n<tr>\n<td>GPSDWS4-7-38<\/td>\n<td>White<\/td>\n<td>M6 x 0.75 stud<\/td>\n<td>1x 1562-1612MHz 26dB LNA<\/td>\n<td>2&#215;2 MiMo 450-470MHz<\/td>\n<td>2x2MiMo: 698-960\/1710-3800MHz<\/td>\n<td>N\/A<\/td>\n<\/tr>\n<tr>\n<td>GPSD2S4-7-38<\/td>\n<td>Black<\/td>\n<td>M6 x 0.75 stud<\/td>\n<td>2x 1562-1612MHz 26dB LNA<\/td>\n<td>2&#215;2 MiMo 450-470MHz<\/td>\n<td>2x2MiMo: 698-960\/1710-3800MHz<\/td>\n<td>N\/A<\/td>\n<\/tr>\n<tr>\n<td>GPSD2WS4-7-38<\/td>\n<td>White<\/td>\n<td>M6 x 0.75 stud<\/td>\n<td>2x 1562-1612MHz 26dB LNA<\/td>\n<td>2&#215;2 MiMo 450-470MHz<\/td>\n<td>2x2MiMo: 698-960\/1710-3800MHz<\/td>\n<td>N\/A<\/td>\n<\/tr>\n<tr>\n<td>GPSDS4-7-38-D24<\/td>\n<td>Black<\/td>\n<td>M6 x 0.75 stud<\/td>\n<td>1x 1562-1612MHz 26dB LNA<\/td>\n<td>2&#215;2 MiMo 450-470MHz<\/td>\n<td>2x2MiMo: 698-960\/1710-3800MHz<\/td>\n<td>2x 2.4\/5.0GHz<\/td>\n<\/tr>\n<tr>\n<td>GPSDWS4-7-38-D24<\/td>\n<td>White<\/td>\n<td>M6 x 0.75 stud<\/td>\n<td>1x 1562-1612MHz 26dB LNA<\/td>\n<td>2&#215;2 MiMo 450-470MHz<\/td>\n<td>2x2MiMo: 698-960\/1710-3800MHz<\/td>\n<td>2x 2.4\/5.0GHz<\/td>\n<\/tr>\n<tr>\n<td>GPSD2S4-7-38-D24<\/td>\n<td>Black<\/td>\n<td>M6 x 0.75 stud<\/td>\n<td>2x 1562-1612MHz 26dB LNA<\/td>\n<td>2&#215;2 MiMo 450-470MHz<\/td>\n<td>2x2MiMo: 698-960\/1710-3800MHz<\/td>\n<td>2x 2.4\/5.0GHz<\/td>\n<\/tr>\n<tr>\n<td>GPSD2WS4-7-38-D24<\/td>\n<td>White<\/td>\n<td>M6 x 0.75 stud<\/td>\n<td>2x 1562-1612MHz 26dB LNA<\/td>\n<td>2&#215;2 MiMo 450-470MHz<\/td>\n<td>2x2MiMo: 698-960\/1710-3800MHz<\/td>\n<td>2x 2.4\/5.0GHz<\/td>\n<\/tr>\n<tr>\n<td>GPSDS4-7-38-Q24<\/td>\n<td>Black<\/td>\n<td>M6 x 0.75 stud<\/td>\n<td>1x 1562-1612MHz 26dB LNA<\/td>\n<td>2&#215;2 MiMo 450-470MHz<\/td>\n<td>2x2MiMo: 698-960\/1710-3800MHz<\/td>\n<td>4x 2.4\/5.0GHz<\/td>\n<\/tr>\n<tr>\n<td>GPSDWS4-7-38-Q24<\/td>\n<td>White<\/td>\n<td>M6 x 0.75 stud<\/td>\n<td>1x 1562-1612MHz 26dB LNA<\/td>\n<td>2&#215;2 MiMo 450-470MHz<\/td>\n<td>2x2MiMo: 698-960\/1710-3800MHz<\/td>\n<td>4x 2.4\/5.0GHz<\/td>\n<\/tr>\n<tr>\n<td>GPSD2S4-7-38-Q24<\/td>\n<td>Black<\/td>\n<td>M6 x 0.75 stud<\/td>\n<td>2x 1562-1612MHz 26dB LNA<\/td>\n<td>2&#215;2 MiMo 450-470MHz<\/td>\n<td>2x2MiMo: 698-960\/1710-3800MHz<\/td>\n<td>4x 2.4\/5.0GHz<\/td>\n<\/tr>\n<tr>\n<td>GPSD2WS4-7-38-Q24<\/td>\n<td>White<\/td>\n<td>M6 x 0.75 stud<\/td>\n<td>2x 1562-1612MHz 26dB LNA<\/td>\n<td>2&#215;2 MiMo 450-470MHz<\/td>\n<td>2x2MiMo: 698-960\/1710-3800MHz<\/td>\n<td>4x 2.4\/5.0GHz<\/td>\n<\/tr>\n<\/tbody>\n<\/table>","protected":false},"excerpt":{"rendered":"<p class=\"h2ProdContent\">\u9069\u5408\u6240\u6709\u9700\u8981 VHF \u6216 UHF \u529f\u80fd\u7684 MiMo UHF LTE\u3001MiMo \u8702\u7aa9 LTE\u3001MiMo WiFi \u548c GPS \u61c9\u7528\u7684\u9bca\u9b5a\u9c2d\u5f0f\u89e3\u6c7a\u65b9\u6848\u3002<\/p>\n<p>\u578b\u865f:HK-GPSD[X]S4-7-38[-X24]<\/p>\n<p>&nbsp;<\/p>\n<p>Technical Parameters<\/p>\n<table width=\"394\">\n<tbody>\n<tr>\n<td width=\"197\"><strong><span>\u96fb\u6c23\u6578\u64da<\/span><\/strong><\/td>\n<td width=\"197\"><\/td>\n<\/tr>\n<tr>\n<td><span>LTE\u983b\u7387<\/span><\/td>\n<td><span>698-960\/1710-3800MHz<\/span><\/td>\n<\/tr>\n<tr>\n<td><span>UHF\uff08340-520MHz\uff09<\/span><\/td>\n<td><span>2\u00d72 MiMo 450-470MHz<\/span><\/td>\n<\/tr>\n<tr>\n<td><span>\u5168\u7403\u5b9a\u4f4d<\/span><\/td>\n<td><span>GPS \/ GNSS 1562-1612; \u53ef\u90782x GPS \/ GNSS 1562-1612<\/span><\/td>\n<\/tr>\n<tr>\n<td><span>WiFi\u983b\u7387<\/span><\/td>\n<td><span>MiMo \u2013 2.4\/5.0GHz \u2013\uff08\u53ef\u9078\uff09<\/span><\/td>\n<\/tr>\n<tr>\n<td><span>LTE MiMo<\/span><\/td>\n<td><span>2\u00d72<\/span><\/td>\n<\/tr>\n<tr>\n<td><span>WiFi MiMo<\/span><\/td>\n<td><span>\u53ef\u90782\u00d72;3\u00d73; 4\u00d74; 6\u00d76<\/span><\/td>\n<\/tr>\n<tr>\n<td><span>\u6700\u5927\u8f38\u5165\u529f\u7387\uff08W\uff09<\/span><\/td>\n<td><span>20<\/span><\/td>\n<\/tr>\n<tr>\n<td><span>paradigm<\/span><\/td>\n<td><span>in all directions<\/span><\/td>\n<\/tr>\n<tr>\n<td><strong><span>\u5168\u7403\u5b9a\u4f4d\u6578\u64da<\/span><\/strong><\/td>\n<td><\/td>\n<\/tr>\n<tr>\n<td><span>\u983b\u7387\u7bc4\u570d\uff08MHz\uff09<\/span><\/td>\n<td><span>1562-1612<\/span><\/td>\n<\/tr>\n<tr>\n<td><span>LNA\u589e\u76ca\uff08dB\uff09<\/span><\/td>\n<td><span>26<\/span><\/td>\n<\/tr>\n<tr>\n<td><strong><span>\u6a5f\u68b0\u6578\u64da<\/span><\/strong><\/td>\n<td><\/td>\n<\/tr>\n<tr>\n<td><span>\u53ef\u9078\u984f\u8272<\/span><\/td>\n<td><span>ferrous<\/span><\/td>\n<\/tr>\n<tr>\n<td><span>\u9577\u5ea6\uff08mm\uff09<\/span><\/td>\n<td><span>225<\/span><\/td>\n<\/tr>\n<tr>\n<td><span>\u5bec\u5ea6\uff08mm\uff09<\/span><\/td>\n<td><span>145<\/span><\/td>\n<\/tr>\n<tr>\n<td><span>\u9ad8\u5ea6\uff08mm\uff09<\/span><\/td>\n<td><span>55<\/span><\/td>\n<\/tr>\n<tr>\n<td><strong><span>\u5b89\u88dd\u6578\u64da<\/span><\/strong><\/td>\n<td><\/td>\n<\/tr>\n<tr>\n<td><span>\u5b89\u88dd\u985e\u578b<\/span><\/td>\n<td><span>\u9762\u677f\u5b89\u88dd<\/span><\/td>\n<\/tr>\n<tr>\n<td><span>Installation<\/span><\/td>\n<td><span>18mm (3\/4\u2033) \u5b89\u88dd\u896f\u5957<\/span><\/td>\n<\/tr>\n<tr>\n<td><span>\u97ad\u5b89\u88dd<\/span><\/td>\n<td><span>M6x0.75<\/span><\/td>\n<\/tr>\n<tr>\n<td><strong><span>\u7372\u51c6\u6578\u64da<\/span><\/strong><\/td>\n<td><\/td>\n<\/tr>\n<tr>\n<td><span>IP\u7b49\u7d1a<\/span><\/td>\n<td><span>IP69K<\/span><\/td>\n<\/tr>\n<tr>\n<td><span>\u963b\u71c3\u6027<\/span><\/td>\n<td><span>\u7b26\u5408UN118.01<\/span><\/td>\n<\/tr>\n<\/tbody>\n<\/table>","protected":false},"featured_media":6318,"comment_status":"closed","ping_status":"closed","template":"","meta":{"_eb_attr":"","ocean_post_layout":"","ocean_both_sidebars_style":"","ocean_both_sidebars_content_width":0,"ocean_both_sidebars_sidebars_width":0,"ocean_sidebar":"0","ocean_second_sidebar":"0","ocean_disable_margins":"enable","ocean_add_body_class":"","ocean_shortcode_before_top_bar":"","ocean_shortcode_after_top_bar":"","ocean_shortcode_before_header":"","ocean_shortcode_after_header":"","ocean_has_shortcode":"","ocean_shortcode_after_title":"","ocean_shortcode_before_footer_widgets":"","ocean_shortcode_after_footer_widgets":"","ocean_shortcode_before_footer_bottom":"","ocean_shortcode_after_footer_bottom":"","ocean_display_top_bar":"default","ocean_display_header":"default","ocean_header_style":"","ocean_center_header_left_menu":"0","ocean_custom_header_template":"0","ocean_custom_logo":0,"ocean_custom_retina_logo":0,"ocean_custom_logo_max_width":0,"ocean_custom_logo_tablet_max_width":0,"ocean_custom_logo_mobile_max_width":0,"ocean_custom_logo_max_height":0,"ocean_custom_logo_tablet_max_height":0,"ocean_custom_logo_mobile_max_height":0,"ocean_header_custom_menu":"0","ocean_menu_typo_font_family":"0","ocean_menu_typo_font_subset":"","ocean_menu_typo_font_size":0,"ocean_menu_typo_font_size_tablet":0,"ocean_menu_typo_font_size_mobile":0,"ocean_menu_typo_font_size_unit":"px","ocean_menu_typo_font_weight":"","ocean_menu_typo_font_weight_tablet":"","ocean_menu_typo_font_weight_mobile":"","ocean_menu_typo_transform":"","ocean_menu_typo_transform_tablet":"","ocean_menu_typo_transform_mobile":"","ocean_menu_typo_line_height":0,"ocean_menu_typo_line_height_tablet":0,"ocean_menu_typo_line_height_mobile":0,"ocean_menu_typo_line_height_unit":"","ocean_menu_typo_spacing":0,"ocean_menu_typo_spacing_tablet":0,"ocean_menu_typo_spacing_mobile":0,"ocean_menu_typo_spacing_unit":"","ocean_menu_link_color":"","ocean_menu_link_color_hover":"","ocean_menu_link_color_active":"","ocean_menu_link_background":"","ocean_menu_link_hover_background":"","ocean_menu_link_active_background":"","ocean_menu_social_links_bg":"","ocean_menu_social_hover_links_bg":"","ocean_menu_social_links_color":"","ocean_menu_social_hover_links_color":"","ocean_disable_title":"default","ocean_disable_heading":"default","ocean_post_title":"","ocean_post_subheading":"","ocean_post_title_style":"","ocean_post_title_background_color":"","ocean_post_title_background":0,"ocean_post_title_bg_image_position":"","ocean_post_title_bg_image_attachment":"","ocean_post_title_bg_image_repeat":"","ocean_post_title_bg_image_size":"","ocean_post_title_height":0,"ocean_post_title_bg_overlay":0.5,"ocean_post_title_bg_overlay_color":"","ocean_disable_breadcrumbs":"default","ocean_breadcrumbs_color":"","ocean_breadcrumbs_separator_color":"","ocean_breadcrumbs_links_color":"","ocean_breadcrumbs_links_hover_color":"","ocean_display_footer_widgets":"default","ocean_display_footer_bottom":"default","ocean_custom_footer_template":"0","iawp_total_views":21},"product_brand":[],"product_cat":[763,764],"product_tag":[774],"class_list":{"0":"post-6322","1":"product","2":"type-product","3":"status-publish","4":"has-post-thumbnail","6":"product_cat-antenna","7":"product_cat-2-3-4-5g-lteantennas","8":"product_tag-sharkfinmimo-4g-5g-mimo-uhf-gps-gnss--mimo-wifi","10":"entry","11":"has-media","13":"first","14":"instock","15":"shipping-taxable","16":"product-type-simple","17":"has-product-nav","18":"col","19":"span_1_of_4","20":"owp-content-center","21":"owp-thumbs-layout-horizontal","22":"owp-btn-normal","23":"owp-tabs-layout-horizontal","24":"has-no-thumbnails"},"aioseo_notices":[],"_links":{"self":[{"href":"https:\/\/hongtronics.com\/en\/wp-json\/wp\/v2\/product\/6322","targetHints":{"allow":["GET"]}}],"collection":[{"href":"https:\/\/hongtronics.com\/en\/wp-json\/wp\/v2\/product"}],"about":[{"href":"https:\/\/hongtronics.com\/en\/wp-json\/wp\/v2\/types\/product"}],"replies":[{"embeddable":true,"href":"https:\/\/hongtronics.com\/en\/wp-json\/wp\/v2\/comments?post=6322"}],"version-history":[{"count":1,"href":"https:\/\/hongtronics.com\/en\/wp-json\/wp\/v2\/product\/6322\/revisions"}],"predecessor-version":[{"id":6324,"href":"https:\/\/hongtronics.com\/en\/wp-json\/wp\/v2\/product\/6322\/revisions\/6324"}],"wp:featuredmedia":[{"embeddable":true,"href":"https:\/\/hongtronics.com\/en\/wp-json\/wp\/v2\/media\/6318"}],"wp:attachment":[{"href":"https:\/\/hongtronics.com\/en\/wp-json\/wp\/v2\/media?parent=6322"}],"wp:term":[{"taxonomy":"product_brand","embeddable":true,"href":"https:\/\/hongtronics.com\/en\/wp-json\/wp\/v2\/product_brand?post=6322"},{"taxonomy":"product_cat","embeddable":true,"href":"https:\/\/hongtronics.com\/en\/wp-json\/wp\/v2\/product_cat?post=6322"},{"taxonomy":"product_tag","embeddable":true,"href":"https:\/\/hongtronics.com\/en\/wp-json\/wp\/v2\/product_tag?post=6322"}],"curies":[{"name":"wp","href":"https:\/\/api.w.org\/{rel}","templated":true}]}}