{"id":6307,"date":"2021-06-16T11:36:25","date_gmt":"2021-06-16T03:36:25","guid":{"rendered":"https:\/\/hongtronics.com\/?post_type=product&#038;p=6307"},"modified":"2021-06-16T11:52:39","modified_gmt":"2021-06-16T03:52:39","slug":"hk-lgmhm4b-6-60-24-58-4x4-mimo-4g-5g","status":"publish","type":"product","link":"https:\/\/hongtronics.com\/en\/product\/hk-lgmhm4b-6-60-24-58-4x4-mimo-4g-5g\/","title":{"rendered":"\u8eca\u8f09\u5929\u7dda4\u00d74 MiMo 4G\/5G,\u9ad8\u90546\u00d76 MiMo WiFi+GPS\/GNSS"},"content":{"rendered":"<h2>I. Overview<\/h2>\n<p>HK-MAKO 5G Dome\u662f\u4e00\u7cfb\u5217\u9ad8\u6027\u80fd\u76844\u00d74 MiMo\u5929\u7dda\uff0c\u983b\u7387\u7bc4\u570d\u8986\u84cb617-960\/1710-6000MHz\uff0c\u5e36\u6709GPS\/GNSS\u548c2.4\/5.0GHz\u983b\u73872\u00d72\u30013\u00d73\u30014\u00d74\u62166\u00d76 MiMo\/\u5206\u96c6\u9078\u4ef6\u3002<\/p>\n<ul>\n<li><span><span>\u5c08\u70ba\u6700\u65b0\u4e00\u4ee3LTE Cat 18\/20\u8def\u7531\u5668\u548c\u8a2d\u5099\u800c\u8a2d\u8a08<\/span><\/span><\/li>\n<li><span><span>\u4f4e\u5256\u9762\u5929\u7dda\uff0c\u6700\u591a\u53ef\u7d44\u540811\u7a2e\u529f\u80fd<\/span><\/span><\/li>\n<li><span><span>4\u00d74 MiMo 4G \/ 5G LTE\u8702\u7aa9\uff0c\u5728\u540c\u4e00\u5916\u6bbc\u4e2d\u53ef\u9078\u7684GPS \/ GNSS\u548cMiMo 2.4 \/ 7.2GHz<\/span><\/span><\/li>\n<li><span><span>\u5e36\u6709\u64f4\u5c55\u96fb\u7e9c\u7684\u5957\u4ef6\u53ef\u7528\u65bc\u4e00\u7cfb\u5217LTE\u8def\u7531<\/span><\/span><\/li>\n<\/ul>\n<p><span>HK-MAKO 5G Dome\u7531\u591a\u905411\u500b\u5143\u4ef6\u7d44\u6210\uff1b\u983b\u7387\u7bc4\u570d\u8986\u84cb617-960\/1710-6000MHz\u76844\u500b\u7368\u7acb\u9ad8\u6027\u80fd\u5929\u7dda\u5143\u4ef6\u5728\u8702\u7aa9\/LTE\u983b\u7387\u4e0b\u63d0\u4f9bMiMo\/\u5206\u96c6\u529f\u80fd\uff0c\u8986\u84cb2.4\u548c7.2GHz\u7684\u591a\u90546\u500b\u53ef\u9078\u96d9\u983b\u5143\u4ef6\u652f\u6301WiFi\u7684MiMo\/\u5206\u96c6\u64cd\u4f5c\uff0c\u53ef\u9078\u7684\u9ad8\u6027\u80fdGPS\/GNSS\u5929\u7dda\u96c6\u6210\u4e8626dB\u589e\u76caLNA\u548c\u9ad8\u8cea\u91cf\u6ffe\u6ce2\uff0c\u63d0\u4f9b\u826f\u597d\u7684\u5b9a\u4f4d\u7cbe\u5ea6\u3002\u8a72\u7cfb\u5217\u7684\u5929\u7dda\u90fd\u4e0d\u9700\u8981\u91d1\u5c6c\u5e73\u9762\uff0c\u5373\u4f7f\u5b89\u88dd\u5728\u975e\u91d1\u5c6c\u8868\u9762\u4e5f\u80fd\u4fdd\u6301\u8f03\u9ad8\u7684\u6027\u80fd\u3002<\/span><\/p>\n<p><span>\u96d6\u7136LTE\u5143\u4ef6\u662f\u70ba4\u00d74 MiMo\u64cd\u4f5c\u800c\u8a2d\u8a08\u7684\uff0c\u4f46\u5c0d\u65bc\u5728\u6545\u969c\u5207\u63db\u914d\u7f6e\u4e2d\u64c1\u67092\u500bSIMS\uff08radio\uff09\u7684\u8def\u7531\u5668\uff08\u5373\u4efb\u4f55\u6642\u5019\u53ea\u6709\u4e00\u500bSIM\u5361\u8655\u65bc\u6d3b\u52d5\u72c0\u614b\uff09\uff0c\u4e5f\u53ef\u4ee5\u5c07\u9019\u4e9b\u5143\u4ef6\u4f5c\u70ba2\u5c0d2\u00d72 MiMo\u4f7f\u7528\u3002\u7531\u65bc\u9019\u7a2e\u914d\u7f6e\u53ea\u4f7f\u7528\u4e864\u6839\u5929\u7dda\u4e2d\u76842\u6839\uff0c\u56e0\u6b64\u61c9\u8a72\u6aa2\u67e5\u7db2\u7d61\u8986\u84cb\u7bc4\u570d\uff0c\u4ee5\u78ba\u4fdd\u9019\u7a2e\u4f7f\u7528\u662f\u5408\u9069\u7684\u3002<\/span><\/p>\n<p><span>\u5728\u5b89\u88dd\u8aaa\u660e\u4e2d\u63d0\u4f9b\u4e86\u6b63\u78ba\u9023\u63a5LTE\u5929\u7dda\u7684\u6307\u5c0e\u3002\u8acb\u6ce8\u610f\uff1a\u8a72\u5929\u7dda\u4e0d\u9069\u5408\u8207\u64c1\u67092\u500bSIMS\u7684\u8def\u7531\u5668\u4e00\u8d77\u4f7f\u7528\uff0c\u4ee5\u63d0\u4f9b\u4e26\u767c\u6216\u805a\u5408\u6578\u64da\u64cd\u4f5c\uff0c\u56e0\u70baMiMo\u5c0d\u4e4b\u9593\u6c92\u6709\u8db3\u5920\u7684\u9694\u96e2\u3002<\/span><\/p>\n<p>&nbsp;<\/p>\n<h2>\u4e8c\u3001\u7522\u54c1\/\u6027\u80fd\u7279\u9ede<\/h2>\n<ul class=\"ulList\">\n<li><span><span>\u5c08\u70ba\u6700\u65b0\u4e00\u4ee3 LTE Cat 18\/20 \u8def\u7531\u5668\u548c\u8a2d\u5099\u800c\u8a2d\u8a08<\/span><\/span><\/li>\n<li><span><span>\u5177\u6709\u591a\u9054 11 \u9805\u529f\u80fd\u5408\u4e8c\u70ba\u4e00\u7684\u8584\u578b\u5929\u7dda<\/span><\/span><\/li>\n<li><span><span>4&#215;4 MiMo 4G\/5G LTE \u8702\u7aa9\u3001\u53ef\u9078 GPS\/GNSS \u548c\u53ef\u9078 MiMo 2.4\/7.2GHz \u65bc\u4e00\u500b\u5916\u6bbc<\/span><\/span><\/li>\n<li><span><span>\u53ef\u7528\u65bc\u4e00\u7cfb\u5217 LTE \u8def\u7531\u5668\u7684\u5e36\u6709\u5ef6\u9577\u7dda\u7684\u5957\u4ef6<\/span><\/span><\/li>\n<\/ul>\n<p>&nbsp;<\/p>\n<h2>\u4e09\u3001\u512a\u52e2<\/h2>\n<ul class=\"ulList\">\n<li><span><span>\u6709\u9ed1\u8272\u6216\u767d\u8272\u53ef\u4f9b\u9078\u64c7<\/span><\/span><\/li>\n<li><span><span>\u55ae\u5b54\u9762\u677f\u5b89\u88dd\u5b89\u88dd<\/span><\/span><\/li>\n<li><span><span>\u9069\u7528\u65bc FirstNet\uff08\u7f8e\u570b\uff09\u548c ESN\uff08\u82f1\u570b\uff09\u516c\u5171\u5b89\u5168\u7db2\u7d61<\/span><\/span><\/li>\n<li><span><span>\u5730\u5e73\u9762\u7368\u7acb |\u00a0<\/span><span>\u9069\u7528\u65bc\u5c0e\u96fb\u6216\u975e\u5c0e\u96fb\u9336\u9762<\/span><\/span><\/li>\n<\/ul>\n<p>&nbsp;<\/p>\n<h2>\u56db\u3001\u96fb\u7e9c\u5c3e\u7aef<\/h2>\n<ul class=\"ulList\">\n<li><span>\u7b26\u5408 UNECE R118 \u7684\u963b\u71c3\u96fb\u7e9c<\/span><\/li>\n<li><span>\u9810\u7aef\u63a5\u5929\u7dda\u9023\u63a5\u5668\u4f5c\u70ba\u6a19\u6e96\u5b89\u88dd<\/span><\/li>\n<li><span>\u9644\u6709\u96fb\u7e9c\u6a19\u8a8c\uff0c\u4fbf\u65bc\u96fb\u7e9c\u8b58\u5225\u548c\u5b89\u88dd<\/span><\/li>\n<li><span>\u53ef\u6839\u64da\u8981\u6c42\u63d0\u4f9b\u5ef6\u9577\u96fb\u7e9c<\/span><\/li>\n<\/ul>\n<p>&nbsp;<\/p>\n<h2>\u4e94\u3001\u61c9\u7528<\/h2>\n<ul class=\"ulList\">\n<li><span><span>\u8b66\u5bdf<\/span><\/span><\/li>\n<li><span><span>\u6551\u8b77\u8eca<\/span><\/span><\/li>\n<li><span><span>\u6d88\u9632\u548c\u6551\u63f4\u670d\u52d9<\/span><\/span><\/li>\n<li><span><span>\u516c\u5171\u5df4\u58eb<\/span><\/span><\/li>\n<li><span><span>Transportation<\/span><\/span><\/li>\n<li><span><span>\u516c\u7528\u4e8b\u696d<\/span><\/span><\/li>\n<\/ul>\n<p>&nbsp;<\/p>\n<h2>\u516d\u3001\u6280\u8853\u53c3\u6578<\/h2>\n<table style=\"height: 614px;\" width=\"477\">\n<tbody>\n<tr>\n<td width=\"197\"><strong><span>\u96fb\u6c23\u6578\u64da<\/span><\/strong><\/td>\n<td width=\"197\"><\/td>\n<\/tr>\n<tr>\n<td><span>LTE\u983b\u7387<\/span><\/td>\n<td><span>617-960\/1710-6000MHz<\/span><\/td>\n<\/tr>\n<tr>\n<td><span>\u5168\u7403\u5b9a\u4f4d<\/span><\/td>\n<td><span>GPS \/ GNSS 1562-1612\u53ef\u9078<\/span><\/td>\n<\/tr>\n<tr>\n<td><span>WiFi\u983b\u7387<\/span><\/td>\n<td><span>MiMo \u2013 2.4\/5.0GHz<\/span><\/td>\n<\/tr>\n<tr>\n<td><span>\u5cf0\u503c\u589e\u76ca\uff08dBi\uff09<\/span><\/td>\n<td><span>9<\/span><\/td>\n<\/tr>\n<tr>\n<td><span>LTE MiMo<\/span><\/td>\n<td><span>4\u00d74<\/span><\/td>\n<\/tr>\n<tr>\n<td><span>WiFi MiMo<\/span><\/td>\n<td><span>2\u00d72;3\u00d73; 4\u00d74; 6\u00d76<\/span><\/td>\n<\/tr>\n<tr>\n<td><span>\u6700\u5927\u8f38\u5165\u529f\u7387\uff08W\uff09<\/span><\/td>\n<td><span>10<\/span><\/td>\n<\/tr>\n<tr>\n<td><span>paradigm<\/span><\/td>\n<td><span>in all directions<\/span><\/td>\n<\/tr>\n<tr>\n<td><span>\u5730\u9762\u5206\u96e2<\/span><\/td>\n<td><span>yea<\/span><\/td>\n<\/tr>\n<tr>\n<td><strong><span>\u6a5f\u68b0\u6578\u64da<\/span><\/strong><\/td>\n<td><\/td>\n<\/tr>\n<tr>\n<td><span>\u53ef\u9078\u984f\u8272<\/span><\/td>\n<td><span>\u9ed1\u8272\/\u767d\u8272<\/span><\/td>\n<\/tr>\n<tr>\n<td><span>\u9ad8\u5ea6\uff08mm\uff09<\/span><\/td>\n<td><span>80<\/span><\/td>\n<\/tr>\n<tr>\n<td><span>\u76f4\u5f91\uff08mm\uff09<\/span><\/td>\n<td><span>180<\/span><\/td>\n<\/tr>\n<tr>\n<td><span>Working Temperature<\/span><\/td>\n<td><span>-40\/+85\u2103<\/span><\/td>\n<\/tr>\n<tr>\n<td><strong><span>\u5b89\u88dd\u6578\u64da<\/span><\/strong><\/td>\n<td><\/td>\n<\/tr>\n<tr>\n<td><span>\u5b89\u88dd\u985e\u578b<\/span><\/td>\n<td><span>\u9762\u677f\u5b89\u88dd<\/span><\/td>\n<\/tr>\n<tr>\n<td><span>Installation<\/span><\/td>\n<td><span>18mm (3\/4\u2033) \u5b89\u88dd\u896f\u5957<\/span><\/td>\n<\/tr>\n<tr>\n<td><strong><span>\u7372\u51c6\u6578\u64da<\/span><\/strong><\/td>\n<td><\/td>\n<\/tr>\n<tr>\n<td><span>IP\u7b49\u7d1a<\/span><\/td>\n<td><span>IP69K<\/span><\/td>\n<\/tr>\n<\/tbody>\n<\/table>\n<p>&nbsp;<\/p>\n<p>&nbsp;<\/p>\n<h2>\u4e03\u3001\u7522\u54c1\u8b8a\u9ad4<\/h2>\n<table id=\"myTableTB\">\n<tbody>\n<tr class=\"headerTB\">\n<td>Part Number<\/td>\n<td>Colour<\/td>\n<td>GPS\/GNSS<\/td>\n<td>Cellular \/ LTE<\/td>\n<td>WiFi<\/td>\n<\/tr>\n<tr>\n<td>HK-LPMM4-6-60<\/td>\n<td>White<\/td>\n<td>N\/A<\/td>\n<td>4x4MiMo: 617-960\/1710-6000MHz<\/td>\n<td>N\/A<\/td>\n<\/tr>\n<tr>\n<td>HK-LPMM4B-6-60<\/td>\n<td>Black<\/td>\n<td>N\/A<\/td>\n<td>4x4MiMo: 617-960\/1710-6000MHz<\/td>\n<td>N\/A<\/td>\n<\/tr>\n<tr>\n<td>HK-LPMDM4-6-60-24-58<\/td>\n<td>White<\/td>\n<td>N\/A<\/td>\n<td>4x4MiMo: 617-960\/1710-6000MHz<\/td>\n<td>2x2MiMo: 2.4\/5.0GHz<\/td>\n<\/tr>\n<tr>\n<td>HK-LPMDM4B-6-60-24-58<\/td>\n<td>Black<\/td>\n<td>N\/A<\/td>\n<td>4x4MiMo: 617-960\/1710-6000MHz<\/td>\n<td>2x2MiMo: 2.4\/5.0GHz<\/td>\n<\/tr>\n<tr>\n<td>HK-LGMM4-6-60<\/td>\n<td>White<\/td>\n<td>1562-1612MHz 26dB LNA<\/td>\n<td>4x4MiMo: 617-960\/1710-6000MHz<\/td>\n<td>N\/A<\/td>\n<\/tr>\n<tr>\n<td>HK-LGMM4B-6-60<\/td>\n<td>Black<\/td>\n<td>1562-1612MHz 26dB LNA<\/td>\n<td>4x4MiMo: 617-960\/1710-6000MHzr<\/td>\n<td>N\/A<\/td>\n<\/tr>\n<tr>\n<td>HK-LGMDM4-6-60-24-58<\/td>\n<td>White<\/td>\n<td>1562-1612MHz 26dB LNA<\/td>\n<td>4x4MiMo: 617-960\/1710-6000MHz<\/td>\n<td>2x2MiMo: 2.4\/5.0GHz<\/td>\n<\/tr>\n<tr>\n<td>HK-LGMDM4B-6-60-24-58<\/td>\n<td>Black<\/td>\n<td>1562-1612MHz 26dB LNA<\/td>\n<td>4x4MiMo: 617-960\/1710-6000MHz<\/td>\n<td>2x2MiMo: 2.4\/5.0GHz<\/td>\n<\/tr>\n<tr>\n<td>HK-LGMTM4-6-60-24-58<\/td>\n<td>White<\/td>\n<td>1562-1612MHz 26dB LNA<\/td>\n<td>4x4MiMo: 617-960\/1710-6000MHz<\/td>\n<td>3x3MiMo: 2.4\/5.0GHz<\/td>\n<\/tr>\n<tr>\n<td>HK-LGMTM4B-6-60-24-58<\/td>\n<td>Black<\/td>\n<td>1562-1612MHz 26dB LNA<\/td>\n<td>4x4MiMo: 617-960\/1710-6000MHz<\/td>\n<td>3x3MiMo: 2.4\/5.0GHz<\/td>\n<\/tr>\n<tr>\n<td>HK-LGMQM4-6-60-24-58<\/td>\n<td>White<\/td>\n<td>1562-1612MHz 26dB LNA<\/td>\n<td>4x4MiMo: 617-960\/1710-6000MHz<\/td>\n<td>4x4MiMo: 2.4\/5.0GHz<\/td>\n<\/tr>\n<tr>\n<td>HK-LGMQM4B-6-60-24-58<\/td>\n<td>Black<\/td>\n<td>1562-1612MHz 26dB LNA<\/td>\n<td>4x4MiMo: 617-960\/1710-6000MHz<\/td>\n<td>4x4MiMo: 2.4\/5.0GHz<\/td>\n<\/tr>\n<tr>\n<td>HK-LGMHM4-6-60-24-58<\/td>\n<td>White<\/td>\n<td>1562-1612MHz 26dB LNA<\/td>\n<td>4x4MiMo: 617-960\/1710-6000MHz<\/td>\n<td>6x6MiMo: 2.4\/5.0GHz<\/td>\n<\/tr>\n<tr>\n<td>HK-LGMHM4B-6-60-24-58<\/td>\n<td>Black<\/td>\n<td>1562-1612MHz 26dB LNA4<\/td>\n<td>4x4MiMo: 617-960\/1710-6000MHz<\/td>\n<td>6x6MiMo: 2.4\/5.0GHz<\/td>\n<\/tr>\n<\/tbody>\n<\/table>\n<p>&nbsp;<\/p>","protected":false},"excerpt":{"rendered":"<p class=\"h2ProdContent\"><span>MAKO 5G Dome \u662f\u4e00\u7cfb\u5217\u9ad8\u6027\u80fd 4&#215;4 MiMo \u5929\u7dda\uff0c\u8986\u84cb 617-960\/1710-6000MHz\uff0c\u53ef\u9078 GPS\/GNSS \u548c\u53ef\u9078\u7684 2&#215;2\u30013&#215;3 \u6216 4&#215;4 \u6216 6&#215;6 MiMo\/Diversity at 2.4\/5.0\/7.2GHz<\/span><\/p>\n<p>\u578b\u865f:<span>HK-L[G]M[H]M4[B]-6-60[-24-58]<\/span><\/p>\n<p>&nbsp;<\/p>\n<p>Technical Parameters<\/p>\n<table width=\"394\">\n<tbody>\n<tr>\n<td width=\"197\"><strong><span>\u96fb\u6c23\u6578\u64da<\/span><\/strong><\/td>\n<td width=\"197\"><\/td>\n<\/tr>\n<tr>\n<td><span>LTE\u983b\u7387<\/span><\/td>\n<td><span>617-960\/1710-6000MHz<\/span><\/td>\n<\/tr>\n<tr>\n<td><span>\u5168\u7403\u5b9a\u4f4d<\/span><\/td>\n<td><span>GPS \/ GNSS 1562-1612\u53ef\u9078<\/span><\/td>\n<\/tr>\n<tr>\n<td><span>WiFi\u983b\u7387<\/span><\/td>\n<td><span>MiMo \u2013 2.4\/5.0GHz<\/span><\/td>\n<\/tr>\n<tr>\n<td><span>\u5cf0\u503c\u589e\u76ca\uff08dBi\uff09<\/span><\/td>\n<td><span>9<\/span><\/td>\n<\/tr>\n<tr>\n<td><span>LTE MiMo<\/span><\/td>\n<td><span>4\u00d74<\/span><\/td>\n<\/tr>\n<tr>\n<td><span>WiFi MiMo<\/span><\/td>\n<td><span>2\u00d72;3\u00d73; 4\u00d74; 6\u00d76<\/span><\/td>\n<\/tr>\n<tr>\n<td><span>\u6700\u5927\u8f38\u5165\u529f\u7387\uff08W\uff09<\/span><\/td>\n<td><span>10<\/span><\/td>\n<\/tr>\n<tr>\n<td><span>paradigm<\/span><\/td>\n<td><span>in all directions<\/span><\/td>\n<\/tr>\n<tr>\n<td><span>\u5730\u9762\u5206\u96e2<\/span><\/td>\n<td><span>yea<\/span><\/td>\n<\/tr>\n<tr>\n<td><strong><span>\u6a5f\u68b0\u6578\u64da<\/span><\/strong><\/td>\n<td><\/td>\n<\/tr>\n<tr>\n<td><span>\u53ef\u9078\u984f\u8272<\/span><\/td>\n<td><span>\u9ed1\u8272\/\u767d\u8272<\/span><\/td>\n<\/tr>\n<tr>\n<td><span>\u9ad8\u5ea6\uff08mm\uff09<\/span><\/td>\n<td><span>80<\/span><\/td>\n<\/tr>\n<tr>\n<td><span>\u76f4\u5f91\uff08mm\uff09<\/span><\/td>\n<td><span>180<\/span><\/td>\n<\/tr>\n<tr>\n<td><span>Working Temperature<\/span><\/td>\n<td><span>-40\/+85\u2103<\/span><\/td>\n<\/tr>\n<tr>\n<td><strong><span>\u5b89\u88dd\u6578\u64da<\/span><\/strong><\/td>\n<td><\/td>\n<\/tr>\n<tr>\n<td><span>\u5b89\u88dd\u985e\u578b<\/span><\/td>\n<td><span>\u9762\u677f\u5b89\u88dd<\/span><\/td>\n<\/tr>\n<tr>\n<td><span>Installation<\/span><\/td>\n<td><span>18mm (3\/4\u2033) \u5b89\u88dd\u896f\u5957<\/span><\/td>\n<\/tr>\n<tr>\n<td><strong><span>\u7372\u51c6\u6578\u64da<\/span><\/strong><\/td>\n<td><\/td>\n<\/tr>\n<tr>\n<td><span>IP\u7b49\u7d1a<\/span><\/td>\n<td><span>IP69K<\/span><\/td>\n<\/tr>\n<\/tbody>\n<\/table>","protected":false},"featured_media":6308,"comment_status":"closed","ping_status":"closed","template":"","meta":{"_eb_attr":"","ocean_post_layout":"","ocean_both_sidebars_style":"","ocean_both_sidebars_content_width":0,"ocean_both_sidebars_sidebars_width":0,"ocean_sidebar":"0","ocean_second_sidebar":"0","ocean_disable_margins":"enable","ocean_add_body_class":"","ocean_shortcode_before_top_bar":"","ocean_shortcode_after_top_bar":"","ocean_shortcode_before_header":"","ocean_shortcode_after_header":"","ocean_has_shortcode":"","ocean_shortcode_after_title":"","ocean_shortcode_before_footer_widgets":"","ocean_shortcode_after_footer_widgets":"","ocean_shortcode_before_footer_bottom":"","ocean_shortcode_after_footer_bottom":"","ocean_display_top_bar":"default","ocean_display_header":"default","ocean_header_style":"","ocean_center_header_left_menu":"0","ocean_custom_header_template":"0","ocean_custom_logo":0,"ocean_custom_retina_logo":0,"ocean_custom_logo_max_width":0,"ocean_custom_logo_tablet_max_width":0,"ocean_custom_logo_mobile_max_width":0,"ocean_custom_logo_max_height":0,"ocean_custom_logo_tablet_max_height":0,"ocean_custom_logo_mobile_max_height":0,"ocean_header_custom_menu":"0","ocean_menu_typo_font_family":"0","ocean_menu_typo_font_subset":"","ocean_menu_typo_font_size":0,"ocean_menu_typo_font_size_tablet":0,"ocean_menu_typo_font_size_mobile":0,"ocean_menu_typo_font_size_unit":"px","ocean_menu_typo_font_weight":"","ocean_menu_typo_font_weight_tablet":"","ocean_menu_typo_font_weight_mobile":"","ocean_menu_typo_transform":"","ocean_menu_typo_transform_tablet":"","ocean_menu_typo_transform_mobile":"","ocean_menu_typo_line_height":0,"ocean_menu_typo_line_height_tablet":0,"ocean_menu_typo_line_height_mobile":0,"ocean_menu_typo_line_height_unit":"","ocean_menu_typo_spacing":0,"ocean_menu_typo_spacing_tablet":0,"ocean_menu_typo_spacing_mobile":0,"ocean_menu_typo_spacing_unit":"","ocean_menu_link_color":"","ocean_menu_link_color_hover":"","ocean_menu_link_color_active":"","ocean_menu_link_background":"","ocean_menu_link_hover_background":"","ocean_menu_link_active_background":"","ocean_menu_social_links_bg":"","ocean_menu_social_hover_links_bg":"","ocean_menu_social_links_color":"","ocean_menu_social_hover_links_color":"","ocean_disable_title":"default","ocean_disable_heading":"default","ocean_post_title":"","ocean_post_subheading":"","ocean_post_title_style":"","ocean_post_title_background_color":"","ocean_post_title_background":0,"ocean_post_title_bg_image_position":"","ocean_post_title_bg_image_attachment":"","ocean_post_title_bg_image_repeat":"","ocean_post_title_bg_image_size":"","ocean_post_title_height":0,"ocean_post_title_bg_overlay":0.5,"ocean_post_title_bg_overlay_color":"","ocean_disable_breadcrumbs":"default","ocean_breadcrumbs_color":"","ocean_breadcrumbs_separator_color":"","ocean_breadcrumbs_links_color":"","ocean_breadcrumbs_links_hover_color":"","ocean_display_footer_widgets":"default","ocean_display_footer_bottom":"default","ocean_custom_footer_template":"0","iawp_total_views":115},"product_brand":[],"product_cat":[763,764],"product_tag":[770,771],"class_list":{"0":"post-6307","1":"product","2":"type-product","3":"status-publish","4":"has-post-thumbnail","6":"product_cat-antenna","7":"product_cat-2-3-4-5g-lteantennas","8":"product_tag-4x4-mimo-4g-5g","9":"product_tag-6x6-mimo-wifigps-gnss","11":"entry","12":"has-media","14":"first","15":"instock","16":"shipping-taxable","17":"product-type-simple","18":"has-product-nav","19":"col","20":"span_1_of_4","21":"owp-content-center","22":"owp-thumbs-layout-horizontal","23":"owp-btn-normal","24":"owp-tabs-layout-horizontal","25":"has-no-thumbnails"},"aioseo_notices":[],"_links":{"self":[{"href":"https:\/\/hongtronics.com\/en\/wp-json\/wp\/v2\/product\/6307","targetHints":{"allow":["GET"]}}],"collection":[{"href":"https:\/\/hongtronics.com\/en\/wp-json\/wp\/v2\/product"}],"about":[{"href":"https:\/\/hongtronics.com\/en\/wp-json\/wp\/v2\/types\/product"}],"replies":[{"embeddable":true,"href":"https:\/\/hongtronics.com\/en\/wp-json\/wp\/v2\/comments?post=6307"}],"version-history":[{"count":0,"href":"https:\/\/hongtronics.com\/en\/wp-json\/wp\/v2\/product\/6307\/revisions"}],"wp:featuredmedia":[{"embeddable":true,"href":"https:\/\/hongtronics.com\/en\/wp-json\/wp\/v2\/media\/6308"}],"wp:attachment":[{"href":"https:\/\/hongtronics.com\/en\/wp-json\/wp\/v2\/media?parent=6307"}],"wp:term":[{"taxonomy":"product_brand","embeddable":true,"href":"https:\/\/hongtronics.com\/en\/wp-json\/wp\/v2\/product_brand?post=6307"},{"taxonomy":"product_cat","embeddable":true,"href":"https:\/\/hongtronics.com\/en\/wp-json\/wp\/v2\/product_cat?post=6307"},{"taxonomy":"product_tag","embeddable":true,"href":"https:\/\/hongtronics.com\/en\/wp-json\/wp\/v2\/product_tag?post=6307"}],"curies":[{"name":"wp","href":"https:\/\/api.w.org\/{rel}","templated":true}]}}